{"id":1322,"date":"2026-01-04T05:09:32","date_gmt":"2026-01-04T04:09:32","guid":{"rendered":"https:\/\/sg-lichtenau.de\/?page_id=1322"},"modified":"2026-04-19T05:02:49","modified_gmt":"2026-04-19T03:02:49","slug":"2026-2","status":"publish","type":"page","link":"https:\/\/sg-lichtenau.de\/index.php\/wettkampfergebnisse\/2026-2\/","title":{"rendered":"2026"},"content":{"rendered":"<p><strong><a class=\"wp-block-button__link has-background has-bright-blue-background-color\" href=\"https:\/\/sg-lichtenau.de\/index.php\/wettkampfergebnisse\/\">zur\u00fcck<\/a><\/strong><\/p>\n<h2>Westernschie\u00dfen<\/h2>\n<p>Samstag, 18.04.2026<\/p>\n<p>Ergebnisse:<\/p>\n<p><strong>1. Platz Ralf Puschmann <\/strong><br \/>\n<strong>2. Platz Chris Feig <\/strong><br \/>\n<strong>3. Platz J\u00fcrgen Bartl<\/strong><\/p>\n<p>Herzlichen Gl\u00fcckwunsch dem Gewinner und den Platzierten!<\/p>\n<p><img loading=\"lazy\" decoding=\"async\" class=\"alignnone wp-image-1394\" src=\"https:\/\/sg-lichtenau.de\/wp-content\/uploads\/2026\/04\/Westernschiessen_2026-300x225.jpeg\" alt=\"\" width=\"517\" height=\"388\" srcset=\"https:\/\/sg-lichtenau.de\/wp-content\/uploads\/2026\/04\/Westernschiessen_2026-300x225.jpeg 300w, https:\/\/sg-lichtenau.de\/wp-content\/uploads\/2026\/04\/Westernschiessen_2026-1024x768.jpeg 1024w, https:\/\/sg-lichtenau.de\/wp-content\/uploads\/2026\/04\/Westernschiessen_2026-768x576.jpeg 768w, https:\/\/sg-lichtenau.de\/wp-content\/uploads\/2026\/04\/Westernschiessen_2026-1536x1152.jpeg 1536w, https:\/\/sg-lichtenau.de\/wp-content\/uploads\/2026\/04\/Westernschiessen_2026-1200x900.jpeg 1200w, https:\/\/sg-lichtenau.de\/wp-content\/uploads\/2026\/04\/Westernschiessen_2026.jpeg 1600w\" sizes=\"auto, (max-width: 517px) 85vw, 517px\" \/><\/p>\n<h2>Wettkampf Neujahrsschie\u00dfen 2026<\/h2>\n<p>Samstag, 03.01.2026<\/p>\n<p>Ergebnisse:<\/p>\n<p><strong>1. Platz Falko Ullrich <\/strong><br \/>\n<strong>2. \u2060Platz Kay Kohles <\/strong><br \/>\n<strong>3. \u2060Platz Gregor Hermani<\/strong><\/p>\n<p>Herzlichen Gl\u00fcckwunsch dem Gewinner und den Platzierten!<\/p>\n<p><img loading=\"lazy\" decoding=\"async\" class=\"alignnone wp-image-1330\" src=\"https:\/\/sg-lichtenau.de\/wp-content\/uploads\/2026\/01\/Neujahrsschiessen_2026-225x300.jpeg\" alt=\"\" width=\"489\" height=\"652\" srcset=\"https:\/\/sg-lichtenau.de\/wp-content\/uploads\/2026\/01\/Neujahrsschiessen_2026-225x300.jpeg 225w, https:\/\/sg-lichtenau.de\/wp-content\/uploads\/2026\/01\/Neujahrsschiessen_2026-768x1024.jpeg 768w, https:\/\/sg-lichtenau.de\/wp-content\/uploads\/2026\/01\/Neujahrsschiessen_2026-1152x1536.jpeg 1152w, https:\/\/sg-lichtenau.de\/wp-content\/uploads\/2026\/01\/Neujahrsschiessen_2026.jpeg 1200w\" sizes=\"auto, (max-width: 489px) 85vw, 489px\" \/><\/p>\n<p><strong><a class=\"wp-block-button__link has-background has-bright-blue-background-color\" href=\"https:\/\/sg-lichtenau.de\/index.php\/wettkampfergebnisse\/\">zur\u00fcck<\/a><\/strong><\/p>\n","protected":false},"excerpt":{"rendered":"<p>zur\u00fcck Westernschie\u00dfen Samstag, 18.04.2026 Ergebnisse: 1. Platz Ralf Puschmann 2. Platz Chris Feig 3. Platz J\u00fcrgen Bartl Herzlichen Gl\u00fcckwunsch dem Gewinner und den Platzierten! Wettkampf Neujahrsschie\u00dfen 2026 Samstag, 03.01.2026 Ergebnisse: 1. Platz Falko Ullrich 2. \u2060Platz Kay Kohles 3. \u2060Platz Gregor Hermani Herzlichen Gl\u00fcckwunsch dem Gewinner und den Platzierten! zur\u00fcck<\/p>\n","protected":false},"author":1,"featured_media":0,"parent":167,"menu_order":0,"comment_status":"closed","ping_status":"closed","template":"","meta":{"ngg_post_thumbnail":0,"footnotes":""},"class_list":["post-1322","page","type-page","status-publish","hentry"],"_links":{"self":[{"href":"https:\/\/sg-lichtenau.de\/index.php\/wp-json\/wp\/v2\/pages\/1322","targetHints":{"allow":["GET"]}}],"collection":[{"href":"https:\/\/sg-lichtenau.de\/index.php\/wp-json\/wp\/v2\/pages"}],"about":[{"href":"https:\/\/sg-lichtenau.de\/index.php\/wp-json\/wp\/v2\/types\/page"}],"author":[{"embeddable":true,"href":"https:\/\/sg-lichtenau.de\/index.php\/wp-json\/wp\/v2\/users\/1"}],"replies":[{"embeddable":true,"href":"https:\/\/sg-lichtenau.de\/index.php\/wp-json\/wp\/v2\/comments?post=1322"}],"version-history":[{"count":7,"href":"https:\/\/sg-lichtenau.de\/index.php\/wp-json\/wp\/v2\/pages\/1322\/revisions"}],"predecessor-version":[{"id":1395,"href":"https:\/\/sg-lichtenau.de\/index.php\/wp-json\/wp\/v2\/pages\/1322\/revisions\/1395"}],"up":[{"embeddable":true,"href":"https:\/\/sg-lichtenau.de\/index.php\/wp-json\/wp\/v2\/pages\/167"}],"wp:attachment":[{"href":"https:\/\/sg-lichtenau.de\/index.php\/wp-json\/wp\/v2\/media?parent=1322"}],"curies":[{"name":"wp","href":"https:\/\/api.w.org\/{rel}","templated":true}]}}